{"id":176,"date":"2023-02-15T10:36:17","date_gmt":"2023-02-15T10:36:17","guid":{"rendered":"http:\/\/www.prochniak.edu.pl\/?page_id=176"},"modified":"2025-03-19T12:42:48","modified_gmt":"2025-03-19T12:42:48","slug":"obliczenie-geodezyjne","status":"publish","type":"page","link":"https:\/\/www.prochniak.edu.pl\/?page_id=176","title":{"rendered":"Obliczenia geodezyjne"},"content":{"rendered":"\n<div class=\"wp-block-buttons has-custom-font-size has-small-font-size is-horizontal is-content-justification-center is-layout-flex wp-container-core-buttons-is-layout-451e7ea0 wp-block-buttons-is-layout-flex\">\n<div class=\"wp-block-button\"><a class=\"wp-block-button__link has-aqua-splash-gradient-background has-text-color has-background wp-element-button\" href=\"https:\/\/www.prochniak.edu.pl\/?page_id=278\" style=\"border-radius:50px;color:#ffffff\"><strong>Przeliczanie miar k\u0105towych<\/strong><\/a><\/div>\n\n\n\n<div class=\"wp-block-button\"><a class=\"wp-block-button__link has-aqua-splash-gradient-background has-text-color has-background wp-element-button\" href=\"https:\/\/www.prochniak.edu.pl\/?page_id=251\" style=\"border-radius:50px;color:#ffffff\"><strong>D\u0142ugo\u015b\u0107<\/strong><\/a><\/div>\n\n\n\n<div class=\"wp-block-button\"><a class=\"wp-block-button__link has-aqua-splash-gradient-background has-text-color has-background wp-element-button\" href=\"https:\/\/www.prochniak.edu.pl\/?page_id=284\" style=\"border-radius:50px;color:#ffffff\"><strong>Azymut<\/strong><\/a><\/div>\n\n\n\n<div class=\"wp-block-button\"><a class=\"wp-block-button__link has-aqua-splash-gradient-background has-text-color has-background wp-element-button\" href=\"https:\/\/www.prochniak.edu.pl\/?page_id=287\" style=\"border-radius:50px;color:#ffffff\"><strong>K\u0105t ze wsp\u00f3\u0142rz\u0119dnych<\/strong><\/a><\/div>\n\n\n\n<div class=\"wp-block-button\"><a class=\"wp-block-button__link has-aqua-splash-gradient-background has-text-color has-background wp-element-button\" href=\"https:\/\/www.prochniak.edu.pl\/?page_id=290\" style=\"border-radius:50px;color:#ffffff\"><strong>Symbole rachunkowe Hausbrandta<\/strong><\/a><\/div>\n\n\n\n<div class=\"wp-block-button\"><a class=\"wp-block-button__link has-aqua-splash-gradient-background has-text-color has-background wp-element-button\" href=\"https:\/\/www.prochniak.edu.pl\/?page_id=293\" style=\"border-radius:50px;color:#ffffff\"><strong>Punkt na prostej<\/strong><\/a><\/div>\n\n\n\n<div class=\"wp-block-button\"><a class=\"wp-block-button__link has-aqua-splash-gradient-background has-text-color has-background wp-element-button\" href=\"https:\/\/www.prochniak.edu.pl\/?page_id=296\" style=\"border-radius:50px;color:#ffffff\"><strong>Punkt na domiarze prostok\u0105tnym<\/strong><\/a><\/div>\n\n\n\n<div class=\"wp-block-button\"><a class=\"wp-block-button__link has-aqua-splash-gradient-background has-text-color has-background wp-element-button\" href=\"https:\/\/www.prochniak.edu.pl\/?page_id=299\" style=\"border-radius:50px;color:#ffffff\"><strong>Metoda biegunowa<\/strong><\/a><\/div>\n\n\n\n<div class=\"wp-block-button\"><a class=\"wp-block-button__link has-aqua-splash-gradient-background has-text-color has-background wp-element-button\" href=\"https:\/\/www.prochniak.edu.pl\/?page_id=302\" style=\"border-radius:50px;color:#ffffff\"><strong>Wci\u0119cie k\u0105towe w prz\u00f3d<\/strong><\/a><\/div>\n\n\n\n<div class=\"wp-block-button\"><a class=\"wp-block-button__link has-aqua-splash-gradient-background has-text-color has-background wp-element-button\" href=\"https:\/\/www.prochniak.edu.pl\/?page_id=305\" style=\"border-radius:50px;color:#ffffff\"><strong>Wci\u0119cie liniowe<\/strong><\/a><\/div>\n\n\n\n<div class=\"wp-block-button\"><a class=\"wp-block-button__link has-aqua-splash-gradient-background has-text-color has-background wp-element-button\" href=\"https:\/\/www.prochniak.edu.pl\/?page_id=308\" style=\"border-radius:50px;color:#ffffff\"><strong>Ci\u0105g otwarty &#8211; wisz\u0105cy<\/strong><\/a><\/div>\n\n\n\n<div class=\"wp-block-button has-custom-font-size is-style-fill has-small-font-size\"><a class=\"wp-block-button__link has-aqua-splash-gradient-background has-text-color has-background wp-element-button\" href=\"https:\/\/www.prochniak.edu.pl\/?page_id=310\" style=\"border-radius:50px;color:#ffffff\"><strong>Ci\u0105g otwarty z nawi\u0105zaniem pe\u0142nym<\/strong><\/a><\/div>\n\n\n\n<div class=\"wp-block-button\"><a class=\"wp-block-button__link has-aqua-splash-gradient-background has-text-color has-background wp-element-button\" href=\"https:\/\/www.prochniak.edu.pl\/?page_id=313\" style=\"border-radius:50px;color:#ffffff\"><strong>Ci\u0105g zamkni\u0119ty<\/strong><\/a><\/div>\n\n\n\n<div class=\"wp-block-button\"><a class=\"wp-block-button__link has-aqua-splash-gradient-background has-text-color has-background wp-element-button\" href=\"https:\/\/www.prochniak.edu.pl\/?page_id=949\" style=\"border-radius:50px;color:#ffffff\">Niwelacja geometryczna<\/a><\/div>\n\n\n\n<div class=\"wp-block-button\"><a class=\"wp-block-button__link has-aqua-splash-gradient-background has-text-color has-background wp-element-button\" href=\"https:\/\/www.prochniak.edu.pl\/?page_id=315\" style=\"border-radius:50px;color:#ffffff\"><strong>Niwelacja trygonometryczna<\/strong><\/a><\/div>\n<\/div>\n\n\n\n<p><\/p>\n","protected":false},"excerpt":{"rendered":"","protected":false},"author":1,"featured_media":0,"parent":0,"menu_order":0,"comment_status":"closed","ping_status":"closed","template":"","meta":{"footnotes":""},"class_list":["post-176","page","type-page","status-publish","hentry"],"blocksy_meta":{"styles_descriptor":{"styles":{"desktop":"","tablet":"","mobile":""},"google_fonts":[],"version":6}},"_links":{"self":[{"href":"https:\/\/www.prochniak.edu.pl\/index.php?rest_route=\/wp\/v2\/pages\/176","targetHints":{"allow":["GET"]}}],"collection":[{"href":"https:\/\/www.prochniak.edu.pl\/index.php?rest_route=\/wp\/v2\/pages"}],"about":[{"href":"https:\/\/www.prochniak.edu.pl\/index.php?rest_route=\/wp\/v2\/types\/page"}],"author":[{"embeddable":true,"href":"https:\/\/www.prochniak.edu.pl\/index.php?rest_route=\/wp\/v2\/users\/1"}],"replies":[{"embeddable":true,"href":"https:\/\/www.prochniak.edu.pl\/index.php?rest_route=%2Fwp%2Fv2%2Fcomments&post=176"}],"version-history":[{"count":42,"href":"https:\/\/www.prochniak.edu.pl\/index.php?rest_route=\/wp\/v2\/pages\/176\/revisions"}],"predecessor-version":[{"id":1006,"href":"https:\/\/www.prochniak.edu.pl\/index.php?rest_route=\/wp\/v2\/pages\/176\/revisions\/1006"}],"wp:attachment":[{"href":"https:\/\/www.prochniak.edu.pl\/index.php?rest_route=%2Fwp%2Fv2%2Fmedia&parent=176"}],"curies":[{"name":"wp","href":"https:\/\/api.w.org\/{rel}","templated":true}]}}